{"id":1202,"date":"2021-08-12T04:10:29","date_gmt":"2021-08-12T04:10:29","guid":{"rendered":"http:\/\/localhost\/pool-services\/?page_id=1202"},"modified":"2024-06-13T09:08:25","modified_gmt":"2024-06-13T07:08:25","slug":"contact-us","status":"publish","type":"page","link":"https:\/\/www.rekonstrukciebazenov.sk\/?page_id=1202","title":{"rendered":"Kontakt"},"content":{"rendered":"<p><iframe loading=\"lazy\" style=\"border: 0;\" src=\"https:\/\/www.google.com\/maps\/embed?pb=!1m14!1m12!1m3!1d4730.4299245393395!2d18.01622621987106!3d48.358959993306414!2m3!1f0!2f0!3f0!3m2!1i1024!2i768!4f13.1!5e1!3m2!1ssk!2ssk!4v1639398832819!5m2!1ssk!2ssk\" width=\"600\" height=\"450\" allowfullscreen=\"allowfullscreen\"><\/iframe> <picture><source srcset=\"https:\/\/www.rekonstrukciebazenov.sk\/wp-content\/uploads\/2021\/08\/icon-bg__bull-02.png\" type=\"image\/png\" data-srcset=\"https:\/\/www.rekonstrukciebazenov.sk\/wp-content\/uploads\/2021\/08\/icon-bg__bull-02.png\" \/><img loading=\"lazy\" src=\"https:\/\/www.rekonstrukciebazenov.sk\/wp-content\/uploads\/2021\/08\/icon-bg__bull-02.png\" alt=\"\" width=\"102\" height=\"91\" \/> <\/picture> Adresa<br \/>\nRF POOL<br \/>\nBaz\u00e9ny a technol\u00f3gie<br \/>\nArdanovce 10 , 956 06 Ardanovce <picture><source srcset=\"https:\/\/www.rekonstrukciebazenov.sk\/wp-content\/uploads\/2021\/08\/icon-bg__bull-02.png\" type=\"image\/png\" data-srcset=\"https:\/\/www.rekonstrukciebazenov.sk\/wp-content\/uploads\/2021\/08\/icon-bg__bull-02.png\" \/><img loading=\"lazy\" src=\"https:\/\/www.rekonstrukciebazenov.sk\/wp-content\/uploads\/2021\/08\/icon-bg__bull-02.png\" alt=\"\" width=\"102\" height=\"91\" \/> <\/picture> Telef\u00f3n<br \/>\n0905 286 100 <picture><source srcset=\"https:\/\/www.rekonstrukciebazenov.sk\/wp-content\/uploads\/2021\/08\/icon-bg__bull-02.png\" type=\"image\/png\" data-srcset=\"https:\/\/www.rekonstrukciebazenov.sk\/wp-content\/uploads\/2021\/08\/icon-bg__bull-02.png\" \/><img loading=\"lazy\" src=\"https:\/\/www.rekonstrukciebazenov.sk\/wp-content\/uploads\/2021\/08\/icon-bg__bull-02.png\" alt=\"\" width=\"102\" height=\"91\" \/> <\/picture> Email<br \/>\n<a href=\"mailto:rf@montazbazenov.sk\">rf@montazbazenov.sk<br \/>\n<\/a><\/p>\n<h1><a href=\"mailto:rf@montazbazenov.sk\">Faktura\u010dn\u00e9 \u00fadaje<\/a><\/h1>\n<p>Franti\u0161ek Mal\u00fd RF-POOL BAZ\u00c9NY A TECHNOL\u00d3GIE<\/p>\n<p>Bizetova 23, 949 11 Nitra<br \/>\nI\u010cO:43097898<br \/>\nDI\u010c:1076610546<br \/>\nI\u010c DPH:SK1076610546<br \/>\n\u010d.\u017eiv.registra:430-29069<\/p>\n<p>Bankov\u00e9 spojenie:<\/p>\n<hr \/>\n<p><a href=\"mailto:rf@montazbazenov.sk\">TATRABANKA a.s.<br \/>\nBIC:TATRSKBX IBAN: SK18 1100 0000 0029 4004 7094<\/a><\/p>\n<hr \/>\n<p><a href=\"mailto:rf@montazbazenov.sk\"><br \/>\ne-mail:rf@montazbazenov.sk<br \/>\nweb:<\/a><a href=\"https:\/\/www.montazbazenov.sk\">www.montazbazenov.sk <\/a><\/p>\n<h1>Prev\u00e1dzka-odbern\u00e9 miesto pre eshop:<\/h1>\n<p>Ardanovce 10 , 956 06<\/p>\n<p>\/miesto kde je mo\u017en\u00e9 zak\u00fapi\u0165,prevzia\u0165 objednan\u00fd tovar, poda\u0165 reklam\u00e1ciu, podnet, s\u0165a\u017enos\u0165\/<\/p>\n<p>Tovar m\u00f4\u017eete zak\u00fapi\u0165 alebo prevzia\u0165 v \u010dase :<br \/>\nPondelok: \u00a08.00-16.00<br \/>\nUtorok: \u00a0\u00a0\u00a0 \u00a08.00-16.00<br \/>\nStreda: \u00a0\u00a0\u00a0\u00a0 8.00-16.00<br \/>\n\u0160tvrtok: \u00a0\u00a0\u00a0 8.00-16.00<br \/>\nPiatok: \u00a0\u00a0\u00a0\u00a0\u00a0\u00a08.00-16.00<br \/>\nSobota: \u00a0\u00a0\u00a0 zatvoren\u00e9<br \/>\nNede\u013ea: \u00a0\u00a0 \u00a0 zatvoren\u00e9<\/p>\n<h4>V pr\u00edpade ,\u017ee sa nedovol\u00e1te(plat\u00ed hlavne v sez\u00f3ne apr\u00edl -okt\u00f3ber)kontaktujte n\u00e1s mailom.<\/h4>\n<hr \/>\n<h4>Org\u00e1n dozoru:<br \/>\nSlovensk\u00e1 obchodn\u00e1 in\u0161pekcia<br \/>\nIn\u0161pektor\u00e1t SOI pre Nitriansky kraj<br \/>\nStani\u010dn\u00e1 9, P. O. BOX 49A, 950 50 Nitra 1<br \/>\nOdbor v\u00fdkonu dozoru<br \/>\nfax \u010d. 037\/772 00 24<br \/>\nnr@soi.sk<\/h4>\n","protected":false},"excerpt":{"rendered":"<p>Adresa RF POOL Baz\u00e9ny a technol\u00f3gie Ardanovce 10 , 956 06 Ardanovce Telef\u00f3n 0905 286 100 Email rf@montazbazenov.sk Faktura\u010dn\u00e9 \u00fadaje Franti\u0161ek Mal\u00fd RF-POOL BAZ\u00c9NY A TECHNOL\u00d3GIE Bizetova 23, 949 11 Nitra I\u010cO:43097898 DI\u010c:1076610546 I\u010c DPH:SK1076610546 \u010d.\u017eiv.registra:430-29069 Bankov\u00e9 spojenie: TATRABANKA a.s. BIC:TATRSKBX IBAN: SK18 1100 0000 0029 4004 7094 e-mail:rf@montazbazenov.sk web:www.montazbazenov.sk Prev\u00e1dzka-odbern\u00e9 miesto pre eshop: Ardanovce [&hellip;]<\/p>\n","protected":false},"author":1,"featured_media":1534,"parent":0,"menu_order":0,"comment_status":"closed","ping_status":"closed","template":"elementor_header_footer","meta":{"_monsterinsights_skip_tracking":false,"_monsterinsights_sitenote_active":false,"_monsterinsights_sitenote_note":"","_monsterinsights_sitenote_category":0},"yoast_head":"<!-- This site is optimized with the Yoast SEO plugin v17.7.1 - https:\/\/yoast.com\/wordpress\/plugins\/seo\/ -->\n<title>Kontakt - Rekon\u0161trukcie baz\u00e9nov<\/title>\n<meta name=\"robots\" content=\"index, follow, max-snippet:-1, max-image-preview:large, max-video-preview:-1\" \/>\n<link rel=\"canonical\" href=\"https:\/\/www.rekonstrukciebazenov.sk\/?page_id=1202\" \/>\n<meta property=\"og:locale\" content=\"sk_SK\" \/>\n<meta property=\"og:type\" content=\"article\" \/>\n<meta property=\"og:title\" content=\"Kontakt - Rekon\u0161trukcie baz\u00e9nov\" \/>\n<meta property=\"og:description\" content=\"Adresa RF POOL Baz\u00e9ny a technol\u00f3gie Ardanovce 10 , 956 06 Ardanovce Telef\u00f3n 0905 286 100 Email rf@montazbazenov.sk Faktura\u010dn\u00e9 \u00fadaje Franti\u0161ek Mal\u00fd RF-POOL BAZ\u00c9NY A TECHNOL\u00d3GIE Bizetova 23, 949 11 Nitra I\u010cO:43097898 DI\u010c:1076610546 I\u010c DPH:SK1076610546 \u010d.\u017eiv.registra:430-29069 Bankov\u00e9 spojenie: TATRABANKA a.s. BIC:TATRSKBX IBAN: SK18 1100 0000 0029 4004 7094 e-mail:rf@montazbazenov.sk web:www.montazbazenov.sk Prev\u00e1dzka-odbern\u00e9 miesto pre eshop: Ardanovce [&hellip;]\" \/>\n<meta property=\"og:url\" content=\"https:\/\/www.rekonstrukciebazenov.sk\/?page_id=1202\" \/>\n<meta property=\"og:site_name\" content=\"Rekon\u0161trukcie baz\u00e9nov\" \/>\n<meta property=\"article:modified_time\" content=\"2024-06-13T07:08:25+00:00\" \/>\n<meta property=\"og:image\" content=\"https:\/\/www.rekonstrukciebazenov.sk\/wp-content\/uploads\/2021\/09\/pagetitle_bg01.jpg\" \/>\n\t<meta property=\"og:image:width\" content=\"1760\" \/>\n\t<meta property=\"og:image:height\" content=\"292\" \/>\n<meta name=\"twitter:card\" content=\"summary_large_image\" \/>\n<meta name=\"twitter:label1\" content=\"Predpokladan\u00fd \u010das \u010d\u00edtania\" \/>\n\t<meta name=\"twitter:data1\" content=\"2 min\u00faty\" \/>\n<script type=\"application\/ld+json\" class=\"yoast-schema-graph\">{\"@context\":\"https:\/\/schema.org\",\"@graph\":[{\"@type\":\"WebSite\",\"@id\":\"https:\/\/www.rekonstrukciebazenov.sk\/#website\",\"url\":\"https:\/\/www.rekonstrukciebazenov.sk\/\",\"name\":\"Rekon\\u0161trukcie baz\\u00e9nov\",\"description\":\"\",\"potentialAction\":[{\"@type\":\"SearchAction\",\"target\":{\"@type\":\"EntryPoint\",\"urlTemplate\":\"https:\/\/www.rekonstrukciebazenov.sk\/?s={search_term_string}\"},\"query-input\":\"required name=search_term_string\"}],\"inLanguage\":\"sk-SK\"},{\"@type\":\"ImageObject\",\"@id\":\"https:\/\/www.rekonstrukciebazenov.sk\/?page_id=1202#primaryimage\",\"inLanguage\":\"sk-SK\",\"url\":\"https:\/\/www.rekonstrukciebazenov.sk\/wp-content\/uploads\/2021\/09\/pagetitle_bg01.jpg\",\"contentUrl\":\"https:\/\/www.rekonstrukciebazenov.sk\/wp-content\/uploads\/2021\/09\/pagetitle_bg01.jpg\",\"width\":1760,\"height\":292},{\"@type\":\"WebPage\",\"@id\":\"https:\/\/www.rekonstrukciebazenov.sk\/?page_id=1202#webpage\",\"url\":\"https:\/\/www.rekonstrukciebazenov.sk\/?page_id=1202\",\"name\":\"Kontakt - Rekon\\u0161trukcie baz\\u00e9nov\",\"isPartOf\":{\"@id\":\"https:\/\/www.rekonstrukciebazenov.sk\/#website\"},\"primaryImageOfPage\":{\"@id\":\"https:\/\/www.rekonstrukciebazenov.sk\/?page_id=1202#primaryimage\"},\"datePublished\":\"2021-08-12T04:10:29+00:00\",\"dateModified\":\"2024-06-13T07:08:25+00:00\",\"breadcrumb\":{\"@id\":\"https:\/\/www.rekonstrukciebazenov.sk\/?page_id=1202#breadcrumb\"},\"inLanguage\":\"sk-SK\",\"potentialAction\":[{\"@type\":\"ReadAction\",\"target\":[\"https:\/\/www.rekonstrukciebazenov.sk\/?page_id=1202\"]}]},{\"@type\":\"BreadcrumbList\",\"@id\":\"https:\/\/www.rekonstrukciebazenov.sk\/?page_id=1202#breadcrumb\",\"itemListElement\":[{\"@type\":\"ListItem\",\"position\":1,\"name\":\"Domov\",\"item\":\"https:\/\/www.rekonstrukciebazenov.sk\/\"},{\"@type\":\"ListItem\",\"position\":2,\"name\":\"Kontakt\"}]}]}<\/script>\n<!-- \/ Yoast SEO plugin. -->","yoast_head_json":{"title":"Kontakt - Rekon\u0161trukcie baz\u00e9nov","robots":{"index":"index","follow":"follow","max-snippet":"max-snippet:-1","max-image-preview":"max-image-preview:large","max-video-preview":"max-video-preview:-1"},"canonical":"https:\/\/www.rekonstrukciebazenov.sk\/?page_id=1202","og_locale":"sk_SK","og_type":"article","og_title":"Kontakt - Rekon\u0161trukcie baz\u00e9nov","og_description":"Adresa RF POOL Baz\u00e9ny a technol\u00f3gie Ardanovce 10 , 956 06 Ardanovce Telef\u00f3n 0905 286 100 Email rf@montazbazenov.sk Faktura\u010dn\u00e9 \u00fadaje Franti\u0161ek Mal\u00fd RF-POOL BAZ\u00c9NY A TECHNOL\u00d3GIE Bizetova 23, 949 11 Nitra I\u010cO:43097898 DI\u010c:1076610546 I\u010c DPH:SK1076610546 \u010d.\u017eiv.registra:430-29069 Bankov\u00e9 spojenie: TATRABANKA a.s. BIC:TATRSKBX IBAN: SK18 1100 0000 0029 4004 7094 e-mail:rf@montazbazenov.sk web:www.montazbazenov.sk Prev\u00e1dzka-odbern\u00e9 miesto pre eshop: Ardanovce [&hellip;]","og_url":"https:\/\/www.rekonstrukciebazenov.sk\/?page_id=1202","og_site_name":"Rekon\u0161trukcie baz\u00e9nov","article_modified_time":"2024-06-13T07:08:25+00:00","og_image":[{"width":1760,"height":292,"url":"https:\/\/www.rekonstrukciebazenov.sk\/wp-content\/uploads\/2021\/09\/pagetitle_bg01.jpg","type":"image\/jpeg"}],"twitter_card":"summary_large_image","twitter_misc":{"Predpokladan\u00fd \u010das \u010d\u00edtania":"2 min\u00faty"},"schema":{"@context":"https:\/\/schema.org","@graph":[{"@type":"WebSite","@id":"https:\/\/www.rekonstrukciebazenov.sk\/#website","url":"https:\/\/www.rekonstrukciebazenov.sk\/","name":"Rekon\u0161trukcie baz\u00e9nov","description":"","potentialAction":[{"@type":"SearchAction","target":{"@type":"EntryPoint","urlTemplate":"https:\/\/www.rekonstrukciebazenov.sk\/?s={search_term_string}"},"query-input":"required name=search_term_string"}],"inLanguage":"sk-SK"},{"@type":"ImageObject","@id":"https:\/\/www.rekonstrukciebazenov.sk\/?page_id=1202#primaryimage","inLanguage":"sk-SK","url":"https:\/\/www.rekonstrukciebazenov.sk\/wp-content\/uploads\/2021\/09\/pagetitle_bg01.jpg","contentUrl":"https:\/\/www.rekonstrukciebazenov.sk\/wp-content\/uploads\/2021\/09\/pagetitle_bg01.jpg","width":1760,"height":292},{"@type":"WebPage","@id":"https:\/\/www.rekonstrukciebazenov.sk\/?page_id=1202#webpage","url":"https:\/\/www.rekonstrukciebazenov.sk\/?page_id=1202","name":"Kontakt - Rekon\u0161trukcie baz\u00e9nov","isPartOf":{"@id":"https:\/\/www.rekonstrukciebazenov.sk\/#website"},"primaryImageOfPage":{"@id":"https:\/\/www.rekonstrukciebazenov.sk\/?page_id=1202#primaryimage"},"datePublished":"2021-08-12T04:10:29+00:00","dateModified":"2024-06-13T07:08:25+00:00","breadcrumb":{"@id":"https:\/\/www.rekonstrukciebazenov.sk\/?page_id=1202#breadcrumb"},"inLanguage":"sk-SK","potentialAction":[{"@type":"ReadAction","target":["https:\/\/www.rekonstrukciebazenov.sk\/?page_id=1202"]}]},{"@type":"BreadcrumbList","@id":"https:\/\/www.rekonstrukciebazenov.sk\/?page_id=1202#breadcrumb","itemListElement":[{"@type":"ListItem","position":1,"name":"Domov","item":"https:\/\/www.rekonstrukciebazenov.sk\/"},{"@type":"ListItem","position":2,"name":"Kontakt"}]}]}},"_links":{"self":[{"href":"https:\/\/www.rekonstrukciebazenov.sk\/index.php?rest_route=\/wp\/v2\/pages\/1202"}],"collection":[{"href":"https:\/\/www.rekonstrukciebazenov.sk\/index.php?rest_route=\/wp\/v2\/pages"}],"about":[{"href":"https:\/\/www.rekonstrukciebazenov.sk\/index.php?rest_route=\/wp\/v2\/types\/page"}],"author":[{"embeddable":true,"href":"https:\/\/www.rekonstrukciebazenov.sk\/index.php?rest_route=\/wp\/v2\/users\/1"}],"replies":[{"embeddable":true,"href":"https:\/\/www.rekonstrukciebazenov.sk\/index.php?rest_route=%2Fwp%2Fv2%2Fcomments&post=1202"}],"version-history":[{"count":5,"href":"https:\/\/www.rekonstrukciebazenov.sk\/index.php?rest_route=\/wp\/v2\/pages\/1202\/revisions"}],"predecessor-version":[{"id":3807,"href":"https:\/\/www.rekonstrukciebazenov.sk\/index.php?rest_route=\/wp\/v2\/pages\/1202\/revisions\/3807"}],"wp:featuredmedia":[{"embeddable":true,"href":"https:\/\/www.rekonstrukciebazenov.sk\/index.php?rest_route=\/wp\/v2\/media\/1534"}],"wp:attachment":[{"href":"https:\/\/www.rekonstrukciebazenov.sk\/index.php?rest_route=%2Fwp%2Fv2%2Fmedia&parent=1202"}],"curies":[{"name":"wp","href":"https:\/\/api.w.org\/{rel}","templated":true}]}}