{"id":1258,"date":"2021-08-12T08:11:51","date_gmt":"2021-08-12T08:11:51","guid":{"rendered":"http:\/\/localhost\/pool-services\/?page_id=1258"},"modified":"2021-12-20T08:46:07","modified_gmt":"2021-12-20T07:46:07","slug":"our-gallery","status":"publish","type":"page","link":"https:\/\/www.rekonstrukciebazenov.sk\/?page_id=1258","title":{"rendered":"Gal\u00e9ria2"},"content":{"rendered":"\t\t<div data-elementor-type=\"wp-page\" data-elementor-id=\"1258\" class=\"elementor elementor-1258\" data-elementor-settings=\"[]\">\n\t\t\t\t\t\t\t<div class=\"elementor-section-wrap\">\n\t\t\t\t\t\t\t<section class=\"elementor-section elementor-top-section elementor-element elementor-element-b8d1a3d elementor-section-boxed elementor-section-height-default elementor-section-height-default\" data-id=\"b8d1a3d\" data-element_type=\"section\">\n\t\t\t\t\t\t<div class=\"elementor-container elementor-column-gap-default\">\n\t\t\t\t\t<div class=\"elementor-column elementor-col-100 elementor-top-column elementor-element elementor-element-17c419a\" data-id=\"17c419a\" data-element_type=\"column\">\n\t\t\t<div class=\"elementor-widget-wrap elementor-element-populated\">\n\t\t\t\t\t\t\t\t\t<\/div>\n\t\t<\/div>\n\t\t\t\t\t\t\t<\/div>\n\t\t<\/section>\n\t\t\t\t<section class=\"elementor-section elementor-top-section elementor-element elementor-element-127a208 elementor-section-full_width elementor-section-height-default elementor-section-height-default\" data-id=\"127a208\" data-element_type=\"section\">\n\t\t\t\t\t\t<div class=\"elementor-container elementor-column-gap-no\">\n\t\t\t\t\t<div class=\"elementor-column elementor-col-100 elementor-top-column elementor-element elementor-element-9026186\" data-id=\"9026186\" data-element_type=\"column\">\n\t\t\t<div class=\"elementor-widget-wrap\">\n\t\t\t\t\t\t\t\t\t<\/div>\n\t\t<\/div>\n\t\t\t\t\t\t\t<\/div>\n\t\t<\/section>\n\t\t\t\t<section class=\"elementor-section elementor-top-section elementor-element elementor-element-25fa03f elementor-section-full_width elementor-section-height-default elementor-section-height-default\" data-id=\"25fa03f\" data-element_type=\"section\">\n\t\t\t\t\t\t<div class=\"elementor-container elementor-column-gap-no\">\n\t\t\t\t\t<div class=\"elementor-column elementor-col-100 elementor-top-column elementor-element elementor-element-63b781f\" data-id=\"63b781f\" data-element_type=\"column\">\n\t\t\t<div class=\"elementor-widget-wrap elementor-element-populated\">\n\t\t\t\t\t\t\t\t<div class=\"elementor-element elementor-element-8268e67 elementor-widget elementor-widget-pool_service_deal\" data-id=\"8268e67\" data-element_type=\"widget\" data-widget_type=\"pool_service_deal.default\">\n\t\t\t\t<div class=\"elementor-widget-container\">\n\t\t\t        <div class=\"section-indent\">\n            <div class=\"container\">\n                <div class=\"blocktitle blocktitle__center\">\n                                        <div class=\"blocktitle__title\">Interested in Realizing Your Dream?<\/div>\n                <\/div>\n                <div class=\"info-contact\">\n                    <p>\n                        Are you looking for licensed pool service company? Or do you simply need a pool cleaning service you can rely on? Your search is over.                    <\/p>\n                    <a class=\"tt-icon-point\" href=\"tel:123456789\"><span class=\"icon-733464\"><\/span>0 (800) 456 78 90<\/a>\n                <\/div>\n            <\/div>\n        <\/div>\n\t\t<\/div>\n\t\t\t\t<\/div>\n\t\t\t\t\t<\/div>\n\t\t<\/div>\n\t\t\t\t\t\t\t<\/div>\n\t\t<\/section>\n\t\t\t\t\t\t<\/div>\n\t\t\t\t\t<\/div>\n\t\t","protected":false},"excerpt":{"rendered":"<p>Interested in Realizing Your Dream? Are you looking for licensed pool service company? Or do you simply need a pool cleaning service you can rely on? Your search is over. 0 (800) 456 78 90<\/p>\n","protected":false},"author":1,"featured_media":1534,"parent":0,"menu_order":0,"comment_status":"closed","ping_status":"closed","template":"elementor_header_footer","meta":{"_monsterinsights_skip_tracking":false,"_monsterinsights_sitenote_active":false,"_monsterinsights_sitenote_note":"","_monsterinsights_sitenote_category":0},"yoast_head":"<!-- This site is optimized with the Yoast SEO plugin v17.7.1 - https:\/\/yoast.com\/wordpress\/plugins\/seo\/ -->\n<title>Gal\u00e9ria2 - Rekon\u0161trukcie baz\u00e9nov<\/title>\n<meta name=\"robots\" content=\"index, follow, max-snippet:-1, max-image-preview:large, max-video-preview:-1\" \/>\n<link rel=\"canonical\" href=\"https:\/\/www.rekonstrukciebazenov.sk\/?page_id=1258\" \/>\n<meta property=\"og:locale\" content=\"sk_SK\" \/>\n<meta property=\"og:type\" content=\"article\" \/>\n<meta property=\"og:title\" content=\"Gal\u00e9ria2 - Rekon\u0161trukcie baz\u00e9nov\" \/>\n<meta property=\"og:description\" content=\"Interested in Realizing Your Dream? Are you looking for licensed pool service company? Or do you simply need a pool cleaning service you can rely on? Your search is over. 0 (800) 456 78 90\" \/>\n<meta property=\"og:url\" content=\"https:\/\/www.rekonstrukciebazenov.sk\/?page_id=1258\" \/>\n<meta property=\"og:site_name\" content=\"Rekon\u0161trukcie baz\u00e9nov\" \/>\n<meta property=\"article:modified_time\" content=\"2021-12-20T07:46:07+00:00\" \/>\n<meta property=\"og:image\" content=\"https:\/\/www.rekonstrukciebazenov.sk\/wp-content\/uploads\/2021\/09\/pagetitle_bg01.jpg\" \/>\n\t<meta property=\"og:image:width\" content=\"1760\" \/>\n\t<meta property=\"og:image:height\" content=\"292\" \/>\n<meta name=\"twitter:card\" content=\"summary_large_image\" \/>\n<meta name=\"twitter:label1\" content=\"Predpokladan\u00fd \u010das \u010d\u00edtania\" \/>\n\t<meta name=\"twitter:data1\" content=\"1 min\u00fata\" \/>\n<script type=\"application\/ld+json\" class=\"yoast-schema-graph\">{\"@context\":\"https:\/\/schema.org\",\"@graph\":[{\"@type\":\"WebSite\",\"@id\":\"https:\/\/www.rekonstrukciebazenov.sk\/#website\",\"url\":\"https:\/\/www.rekonstrukciebazenov.sk\/\",\"name\":\"Rekon\\u0161trukcie baz\\u00e9nov\",\"description\":\"\",\"potentialAction\":[{\"@type\":\"SearchAction\",\"target\":{\"@type\":\"EntryPoint\",\"urlTemplate\":\"https:\/\/www.rekonstrukciebazenov.sk\/?s={search_term_string}\"},\"query-input\":\"required name=search_term_string\"}],\"inLanguage\":\"sk-SK\"},{\"@type\":\"ImageObject\",\"@id\":\"https:\/\/www.rekonstrukciebazenov.sk\/?page_id=1258#primaryimage\",\"inLanguage\":\"sk-SK\",\"url\":\"https:\/\/www.rekonstrukciebazenov.sk\/wp-content\/uploads\/2021\/09\/pagetitle_bg01.jpg\",\"contentUrl\":\"https:\/\/www.rekonstrukciebazenov.sk\/wp-content\/uploads\/2021\/09\/pagetitle_bg01.jpg\",\"width\":1760,\"height\":292},{\"@type\":\"WebPage\",\"@id\":\"https:\/\/www.rekonstrukciebazenov.sk\/?page_id=1258#webpage\",\"url\":\"https:\/\/www.rekonstrukciebazenov.sk\/?page_id=1258\",\"name\":\"Gal\\u00e9ria2 - Rekon\\u0161trukcie baz\\u00e9nov\",\"isPartOf\":{\"@id\":\"https:\/\/www.rekonstrukciebazenov.sk\/#website\"},\"primaryImageOfPage\":{\"@id\":\"https:\/\/www.rekonstrukciebazenov.sk\/?page_id=1258#primaryimage\"},\"datePublished\":\"2021-08-12T08:11:51+00:00\",\"dateModified\":\"2021-12-20T07:46:07+00:00\",\"breadcrumb\":{\"@id\":\"https:\/\/www.rekonstrukciebazenov.sk\/?page_id=1258#breadcrumb\"},\"inLanguage\":\"sk-SK\",\"potentialAction\":[{\"@type\":\"ReadAction\",\"target\":[\"https:\/\/www.rekonstrukciebazenov.sk\/?page_id=1258\"]}]},{\"@type\":\"BreadcrumbList\",\"@id\":\"https:\/\/www.rekonstrukciebazenov.sk\/?page_id=1258#breadcrumb\",\"itemListElement\":[{\"@type\":\"ListItem\",\"position\":1,\"name\":\"Domov\",\"item\":\"https:\/\/www.rekonstrukciebazenov.sk\/\"},{\"@type\":\"ListItem\",\"position\":2,\"name\":\"Gal\\u00e9ria2\"}]}]}<\/script>\n<!-- \/ Yoast SEO plugin. -->","yoast_head_json":{"title":"Gal\u00e9ria2 - Rekon\u0161trukcie baz\u00e9nov","robots":{"index":"index","follow":"follow","max-snippet":"max-snippet:-1","max-image-preview":"max-image-preview:large","max-video-preview":"max-video-preview:-1"},"canonical":"https:\/\/www.rekonstrukciebazenov.sk\/?page_id=1258","og_locale":"sk_SK","og_type":"article","og_title":"Gal\u00e9ria2 - Rekon\u0161trukcie baz\u00e9nov","og_description":"Interested in Realizing Your Dream? Are you looking for licensed pool service company? Or do you simply need a pool cleaning service you can rely on? Your search is over. 0 (800) 456 78 90","og_url":"https:\/\/www.rekonstrukciebazenov.sk\/?page_id=1258","og_site_name":"Rekon\u0161trukcie baz\u00e9nov","article_modified_time":"2021-12-20T07:46:07+00:00","og_image":[{"width":1760,"height":292,"url":"https:\/\/www.rekonstrukciebazenov.sk\/wp-content\/uploads\/2021\/09\/pagetitle_bg01.jpg","type":"image\/jpeg"}],"twitter_card":"summary_large_image","twitter_misc":{"Predpokladan\u00fd \u010das \u010d\u00edtania":"1 min\u00fata"},"schema":{"@context":"https:\/\/schema.org","@graph":[{"@type":"WebSite","@id":"https:\/\/www.rekonstrukciebazenov.sk\/#website","url":"https:\/\/www.rekonstrukciebazenov.sk\/","name":"Rekon\u0161trukcie baz\u00e9nov","description":"","potentialAction":[{"@type":"SearchAction","target":{"@type":"EntryPoint","urlTemplate":"https:\/\/www.rekonstrukciebazenov.sk\/?s={search_term_string}"},"query-input":"required name=search_term_string"}],"inLanguage":"sk-SK"},{"@type":"ImageObject","@id":"https:\/\/www.rekonstrukciebazenov.sk\/?page_id=1258#primaryimage","inLanguage":"sk-SK","url":"https:\/\/www.rekonstrukciebazenov.sk\/wp-content\/uploads\/2021\/09\/pagetitle_bg01.jpg","contentUrl":"https:\/\/www.rekonstrukciebazenov.sk\/wp-content\/uploads\/2021\/09\/pagetitle_bg01.jpg","width":1760,"height":292},{"@type":"WebPage","@id":"https:\/\/www.rekonstrukciebazenov.sk\/?page_id=1258#webpage","url":"https:\/\/www.rekonstrukciebazenov.sk\/?page_id=1258","name":"Gal\u00e9ria2 - Rekon\u0161trukcie baz\u00e9nov","isPartOf":{"@id":"https:\/\/www.rekonstrukciebazenov.sk\/#website"},"primaryImageOfPage":{"@id":"https:\/\/www.rekonstrukciebazenov.sk\/?page_id=1258#primaryimage"},"datePublished":"2021-08-12T08:11:51+00:00","dateModified":"2021-12-20T07:46:07+00:00","breadcrumb":{"@id":"https:\/\/www.rekonstrukciebazenov.sk\/?page_id=1258#breadcrumb"},"inLanguage":"sk-SK","potentialAction":[{"@type":"ReadAction","target":["https:\/\/www.rekonstrukciebazenov.sk\/?page_id=1258"]}]},{"@type":"BreadcrumbList","@id":"https:\/\/www.rekonstrukciebazenov.sk\/?page_id=1258#breadcrumb","itemListElement":[{"@type":"ListItem","position":1,"name":"Domov","item":"https:\/\/www.rekonstrukciebazenov.sk\/"},{"@type":"ListItem","position":2,"name":"Gal\u00e9ria2"}]}]}},"_links":{"self":[{"href":"https:\/\/www.rekonstrukciebazenov.sk\/index.php?rest_route=\/wp\/v2\/pages\/1258"}],"collection":[{"href":"https:\/\/www.rekonstrukciebazenov.sk\/index.php?rest_route=\/wp\/v2\/pages"}],"about":[{"href":"https:\/\/www.rekonstrukciebazenov.sk\/index.php?rest_route=\/wp\/v2\/types\/page"}],"author":[{"embeddable":true,"href":"https:\/\/www.rekonstrukciebazenov.sk\/index.php?rest_route=\/wp\/v2\/users\/1"}],"replies":[{"embeddable":true,"href":"https:\/\/www.rekonstrukciebazenov.sk\/index.php?rest_route=%2Fwp%2Fv2%2Fcomments&post=1258"}],"version-history":[{"count":6,"href":"https:\/\/www.rekonstrukciebazenov.sk\/index.php?rest_route=\/wp\/v2\/pages\/1258\/revisions"}],"predecessor-version":[{"id":3763,"href":"https:\/\/www.rekonstrukciebazenov.sk\/index.php?rest_route=\/wp\/v2\/pages\/1258\/revisions\/3763"}],"wp:featuredmedia":[{"embeddable":true,"href":"https:\/\/www.rekonstrukciebazenov.sk\/index.php?rest_route=\/wp\/v2\/media\/1534"}],"wp:attachment":[{"href":"https:\/\/www.rekonstrukciebazenov.sk\/index.php?rest_route=%2Fwp%2Fv2%2Fmedia&parent=1258"}],"curies":[{"name":"wp","href":"https:\/\/api.w.org\/{rel}","templated":true}]}}