{"id":3410,"date":"2021-08-05T10:03:49","date_gmt":"2021-08-05T10:03:49","guid":{"rendered":"http:\/\/localhost\/pool-services\/?page_id=13"},"modified":"2024-01-23T14:00:58","modified_gmt":"2024-01-23T13:00:58","slug":"home","status":"publish","type":"page","link":"https:\/\/www.rekonstrukciebazenov.sk\/","title":{"rendered":"Domov"},"content":{"rendered":"<p><a href=\"\" target=\"_blank\" rel=\"noopener\"><br \/>\n<\/a>\n\t\t\t\t\t\t\t\t\t\t<picture><source srcset=\"https:\/\/www.rekonstrukciebazenov.sk\/wp-content\/uploads\/2021\/12\/obr1a.jpg\" media=\"(max-width: 576px)\" type=\"image\/jpg\"><source srcset=\"https:\/\/www.rekonstrukciebazenov.sk\/wp-content\/uploads\/2021\/12\/obr1a.jpg\" media=\"(max-width: 1024px)\" type=\"image\/jpg\"><source srcset=\"https:\/\/www.rekonstrukciebazenov.sk\/wp-content\/uploads\/2021\/12\/obr1a.jpg\" type=\"image\/jpg\"><img width=\"1760\" height=\"908\" src=\"https:\/\/www.rekonstrukciebazenov.sk\/wp-content\/uploads\/2021\/12\/obr1a.jpg\" alt=\"\" loading=\"lazy\">\t\t\t\t\t\t\t\t\t\t<\/picture>\n\t\t\t\t\t\t\t\t\t\tOdborn\u00e1 starostlivos\u0165 pre V\u00e1\u0161 baz\u00e9n<br \/>\nPo\u0161koden\u00e1 izol\u00e1cia, \u00fanik vody alebo nefunk\u010dn\u00e9 \u010derpadlo?<br \/>\nObr\u00e1\u0165te sa na profesion\u00e1lov  so sk\u00fasenos\u0165ami.\n\t\t\t\t\t\t\t\t\t\t<picture><source srcset=\"https:\/\/www.rekonstrukciebazenov.sk\/wp-content\/uploads\/2021\/12\/obr2b.jpg\" media=\"(max-width: 576px)\" type=\"image\/jpg\"><source srcset=\"https:\/\/www.rekonstrukciebazenov.sk\/wp-content\/uploads\/2021\/12\/obr2b.jpg\" media=\"(max-width: 1024px)\" type=\"image\/jpg\"><source srcset=\"https:\/\/www.rekonstrukciebazenov.sk\/wp-content\/uploads\/2021\/12\/obr2b.jpg\" type=\"image\/jpg\"><img width=\"1760\" height=\"960\" src=\"https:\/\/www.rekonstrukciebazenov.sk\/wp-content\/uploads\/2021\/12\/obr2b.jpg\" alt=\"\" loading=\"lazy\">\t\t\t\t\t\t\t\t\t\t<\/picture>\n\t\t\t\t\t\t\t\t\t\tPon\u00fakame rekon\u0161trukcie pre priv\u00e1tne a  verejn\u00e9 baz\u00e9ny<br \/>\nN\u00e1vrh. Projekt. Realiz\u00e1cia. Servis. Rekon\u0161trukcie.\n                                        <picture><source srcset=\"https:\/\/www.rekonstrukciebazenov.sk\/wp-content\/uploads\/2021\/12\/pexels-santiago-manuel-de-la-colina-3621556-1.png\" data-srcset=\"https:\/\/www.rekonstrukciebazenov.sk\/wp-content\/uploads\/2021\/12\/pexels-santiago-manuel-de-la-colina-3621556-1.png\" type=\"image\/png\"><img width=\"43\" height=\"200\" src=\"https:\/\/www.rekonstrukciebazenov.sk\/wp-content\/uploads\/2021\/12\/pexels-santiago-manuel-de-la-colina-3621556-1.png\" alt=\"\" loading=\"lazy\">                                        <\/picture>\n                                        23 rokov sk\u00fasenosti<\/p>\n<p>23 rokov pon\u00fakame najlep\u0161ie produkty a slu\u017eby.<\/p>\n<picture><source srcset=\"https:\/\/www.rekonstrukciebazenov.sk\/wp-content\/uploads\/2021\/12\/logo-1.png\" data-srcset=\"https:\/\/www.rekonstrukciebazenov.sk\/wp-content\/uploads\/2021\/12\/logo-1.png\" type=\"image\/png\"><img width=\"32\" height=\"200\" src=\"https:\/\/www.rekonstrukciebazenov.sk\/wp-content\/uploads\/2021\/12\/logo-1.png\" alt=\"\" loading=\"lazy\">                                        <\/picture>\n                                        Kvalitn\u00e9 produkty<\/p>\n<p>Pri mont\u00e1\u017ei pou\u017e\u00edvame v\u00fdhradne kvalitn\u00e9  produkty<\/p>\n<picture><source srcset=\"https:\/\/www.rekonstrukciebazenov.sk\/wp-content\/uploads\/2021\/08\/box-info__img03.png\" data-srcset=\"https:\/\/www.rekonstrukciebazenov.sk\/wp-content\/uploads\/2021\/08\/box-info__img03.png\" type=\"image\/png\"><img width=\"73\" height=\"116\" src=\"https:\/\/www.rekonstrukciebazenov.sk\/wp-content\/uploads\/2021\/08\/box-info__img03.png\" alt=\"\" loading=\"lazy\">                                        <\/picture>\n                                        Baz\u00e9ny a technol\u00f3gie<\/p>\n<p>N\u00e1vrh. Projekt. Realiz\u00e1cia. Servis. Rekon\u0161trukcie.<\/p>\n<p>Pon\u00fakame V\u00e1m rekon\u0161trukciu ak\u00e9hoko\u013evek star\u00e9ho baz\u00e9na \u010di u\u017e s oce\u013eovou, plastovou alebo bet\u00f3novou kon\u0161trukciou, ktor\u00fd vieme premeni\u0165 na \u00faplne nov\u00fd,<br \/>\ns kry\u0161t\u00e1\u013eovo \u010distou vodou.<\/p>\n<p><a href=\"\"><\/a>\n\t\t\t\t\t\t<picture><source media=\"(min-width: 768px)\" srcset=\"https:\/\/www.rekonstrukciebazenov.sk\/wp-content\/uploads\/2021\/08\/layout01__bg.jpg\" data-srcset=\"https:\/\/www.rekonstrukciebazenov.sk\/wp-content\/uploads\/2021\/08\/layout01__bg.jpg\" type=\"image\/jpg\"><img src=\"https:\/\/www.rekonstrukciebazenov.sk\/wp-content\/uploads\/2021\/08\/layout01__bg.jpg\" alt=\"\">\n\t\t\t\t\t\t<\/picture>\n\t\t\t\t\t\t\t<picture><source media=\"(max-width: 768px)\" srcset=\"https:\/\/www.rekonstrukciebazenov.sk\/wp-content\/uploads\/2021\/08\/layout01__bg.jpg\" data-srcset=\"https:\/\/www.rekonstrukciebazenov.sk\/wp-content\/uploads\/2021\/08\/layout01__bg.jpg\" type=\"image\/jpg\"><img src=\"data:image\/gif;base64,R0lGODlhAQABAAAAACH5BAEKAAEALAAAAAABAAEAAAICTAEAOw==\" alt=\"\">\n\t\t\t\t\t\t\t<\/picture>\n\t\t\t\t\t\t\t\t\t\t\t<a href=\"https:\/\/www.servisbazenov.sk\/\" target=\"_blank\" rel=\"noopener\">\n\t\t\t\t\t\t\t\t\t\t\t\t\t<picture><source srcset=\"https:\/\/www.rekonstrukciebazenov.sk\/wp-content\/uploads\/2021\/08\/item-box__img01.jpg\" data-srcset=\"https:\/\/www.rekonstrukciebazenov.sk\/wp-content\/uploads\/2021\/08\/item-box__img01.jpg\" type=\"image\/jpg\"><img width=\"440\" height=\"361\" src=\"https:\/\/www.rekonstrukciebazenov.sk\/wp-content\/uploads\/2021\/08\/item-box__img01.jpg\" alt=\"\" loading=\"lazy\">\t\t\t\t\t\t\t\t\t\t\t\t\t<\/picture>\n\t\t\t\t\t\t\t\t\t\t\t\t\tOpravy<br \/>\nbaz\u00e9nov<br \/>\nOpravy baz\u00e9nov<br \/>\nOpravy a v\u00fdmena reflektorov,LED.<br \/>\nOpravy a v\u00fdmena skimmerov,trysiek,v\u00fdpust\u00ed.<br \/>\nV\u00fdmena po\u0161koden\u00fdch pr\u00edrub komponentov.<br \/>\nZhotvenie nerezov\u00fdch pr\u00edrub na zak\u00e1zku.<br \/>\n<\/a><br \/>\n<a href=\"https:\/\/www.montazbazenov.sk\/rekonstrukcie-bazenov\/\" target=\"_blank\" rel=\"noopener\">\n\t\t\t\t\t\t\t\t\t\t\t\t\t<picture><source srcset=\"https:\/\/www.rekonstrukciebazenov.sk\/wp-content\/uploads\/2021\/08\/item-box__img02.jpg\" data-srcset=\"https:\/\/www.rekonstrukciebazenov.sk\/wp-content\/uploads\/2021\/08\/item-box__img02.jpg\" type=\"image\/jpg\"><img width=\"440\" height=\"361\" src=\"https:\/\/www.rekonstrukciebazenov.sk\/wp-content\/uploads\/2021\/08\/item-box__img02.jpg\" alt=\"\" loading=\"lazy\">\t\t\t\t\t\t\t\t\t\t\t\t\t<\/picture>\n\t\t\t\t\t\t\t\t\t\t\t\t\tRekon\u0161trukcie<br \/>\nbaz\u00e9nov<br \/>\nRekon\u0161trukcie baz\u00e9nov<br \/>\nPon\u00fakame V\u00e1m rekon\u0161trukciu ak\u00e9hoko\u013evek star\u00e9ho baz\u00e9na \u010di u\u017e s oce\u013eovou, plastovou alebo bet\u00f3novou kon\u0161trukciou, ktor\u00fd vieme premeni\u0165 na \u00faplne nov\u00fd, s kry\u0161t\u00e1lovo \u010distou vodou.<br \/>\n<\/a><br \/>\n<a href=\"https:\/\/www.montazbazenov.sk\/technologie-a-prislusenstvo\/\" target=\"_blank\" rel=\"noopener\">\n\t\t\t\t\t\t\t\t\t\t\t\t\t<picture><source srcset=\"https:\/\/www.rekonstrukciebazenov.sk\/wp-content\/uploads\/2021\/08\/item-box__img03.jpg\" data-srcset=\"https:\/\/www.rekonstrukciebazenov.sk\/wp-content\/uploads\/2021\/08\/item-box__img03.jpg\" type=\"image\/jpg\"><img width=\"440\" height=\"361\" src=\"https:\/\/www.rekonstrukciebazenov.sk\/wp-content\/uploads\/2021\/08\/item-box__img03.jpg\" alt=\"\" loading=\"lazy\">\t\t\t\t\t\t\t\t\t\t\t\t\t<\/picture>\n\t\t\t\t\t\t\t\t\t\t\t\t\tTechnol\u00f3gie a pr\u00edslu\u0161enstvo<br \/>\nTechnol\u00f3gie a pr\u00edslu\u0161enstvo<br \/>\nBaz\u00e9nov\u00e9 technol\u00f3gie a pr\u00edslu\u0161enstvo si m\u00f4\u017eete objedna\u0165 priamo v na\u0161om<br \/>\nESHOPE<br \/>\n<\/a><br \/>\n<a href=\"https:\/\/www.servisbazenov.sk\/\" target=\"_blank\" rel=\"noopener\">\n\t\t\t\t\t\t\t\t\t\t\t\t\t<picture><source srcset=\"https:\/\/www.rekonstrukciebazenov.sk\/wp-content\/uploads\/2021\/09\/item-box__img04.jpg\" data-srcset=\"https:\/\/www.rekonstrukciebazenov.sk\/wp-content\/uploads\/2021\/09\/item-box__img04.jpg\" type=\"image\/jpg\"><img width=\"440\" height=\"361\" src=\"https:\/\/www.rekonstrukciebazenov.sk\/wp-content\/uploads\/2021\/09\/item-box__img04.jpg\" alt=\"\" loading=\"lazy\">\t\t\t\t\t\t\t\t\t\t\t\t\t<\/picture>\n\t\t\t\t\t\t\t\t\t\t\t\t\tServis a<br \/>\nstarostlivos\u0165<br \/>\nServis a starostlivos\u0165<br \/>\nOdborn\u00e1 starostlivos\u0165 pre V\u00e1\u0161 baz\u00e9n<br \/>\n<\/a><br \/>\n<a href=\"https:\/\/www.zona.servisbazenov.sk\/cennik\" target=\"_blank\" rel=\"noopener\">\n\t\t\t\t\t\t\t\t\t\t\t\t\t<picture><source srcset=\"https:\/\/www.rekonstrukciebazenov.sk\/wp-content\/uploads\/2021\/09\/item-box__img05.jpg\" data-srcset=\"https:\/\/www.rekonstrukciebazenov.sk\/wp-content\/uploads\/2021\/09\/item-box__img05.jpg\" type=\"image\/jpg\"><img width=\"440\" height=\"361\" src=\"https:\/\/www.rekonstrukciebazenov.sk\/wp-content\/uploads\/2021\/09\/item-box__img05.jpg\" alt=\"\" loading=\"lazy\">\t\t\t\t\t\t\t\t\t\t\t\t\t<\/picture>\n\t\t\t\t\t\t\t\t\t\t\t\t\t\u010cistenie<br \/>\nbaz\u00e9nov<br \/>\n\u010cistenie baz\u00e9nov<br \/>\nProfesion\u00e1lne \u010distenie V\u00e1\u0161ho baz\u00e9na<br \/>\n<\/a><br \/>\n<a href=\"https:\/\/www.montazbazenov.sk\/novostavby-bazenov\/\" target=\"_blank\" rel=\"noopener\">\n\t\t\t\t\t\t\t\t\t\t\t\t\t<picture><source srcset=\"https:\/\/www.rekonstrukciebazenov.sk\/wp-content\/uploads\/2021\/09\/item-box__img06.jpg\" data-srcset=\"https:\/\/www.rekonstrukciebazenov.sk\/wp-content\/uploads\/2021\/09\/item-box__img06.jpg\" type=\"image\/jpg\"><img width=\"440\" height=\"361\" src=\"https:\/\/www.rekonstrukciebazenov.sk\/wp-content\/uploads\/2021\/09\/item-box__img06.jpg\" alt=\"\" loading=\"lazy\">\t\t\t\t\t\t\t\t\t\t\t\t\t<\/picture>\n\t\t\t\t\t\t\t\t\t\t\t\t\tNovostavby<br \/>\nbaz\u00e9nov<br \/>\nNovostavby baz\u00e9nov<br \/>\nObjedn\u00e1vky na novostavby baz\u00e9nov prij\u00edmame 6 mesiacov vopred (ide\u00e1lne po\u010das mesiacov september a\u017e december).<br \/>\n<\/a><\/p>\n","protected":false},"excerpt":{"rendered":"<p>Odborn\u00e1 starostlivos\u0165 pre V\u00e1\u0161 baz\u00e9n Po\u0161koden\u00e1 izol\u00e1cia, \u00fanik vody alebo nefunk\u010dn\u00e9 \u010derpadlo? Obr\u00e1\u0165te sa na profesion\u00e1lov so sk\u00fasenos\u0165ami. Pon\u00fakame rekon\u0161trukcie pre priv\u00e1tne a verejn\u00e9 baz\u00e9ny N\u00e1vrh. Projekt. Realiz\u00e1cia. Servis. Rekon\u0161trukcie. 23 rokov sk\u00fasenosti 23 rokov pon\u00fakame najlep\u0161ie produkty a slu\u017eby. Kvalitn\u00e9 produkty Pri mont\u00e1\u017ei pou\u017e\u00edvame v\u00fdhradne kvalitn\u00e9 produkty Baz\u00e9ny a technol\u00f3gie N\u00e1vrh. Projekt. Realiz\u00e1cia. Servis. [&hellip;]<\/p>\n","protected":false},"author":1,"featured_media":0,"parent":0,"menu_order":0,"comment_status":"closed","ping_status":"closed","template":"elementor_header_footer","meta":{"_monsterinsights_skip_tracking":false,"_monsterinsights_sitenote_active":false,"_monsterinsights_sitenote_note":"","_monsterinsights_sitenote_category":0},"yoast_head":"<!-- This site is optimized with the Yoast SEO plugin v17.7.1 - https:\/\/yoast.com\/wordpress\/plugins\/seo\/ -->\n<title>Domov - Rekon\u0161trukcie baz\u00e9nov<\/title>\n<meta name=\"robots\" content=\"index, follow, max-snippet:-1, max-image-preview:large, max-video-preview:-1\" \/>\n<link rel=\"canonical\" href=\"https:\/\/www.rekonstrukciebazenov.sk\/\" \/>\n<meta property=\"og:locale\" content=\"sk_SK\" \/>\n<meta property=\"og:type\" content=\"article\" \/>\n<meta property=\"og:title\" content=\"Domov - Rekon\u0161trukcie baz\u00e9nov\" \/>\n<meta property=\"og:description\" content=\"Odborn\u00e1 starostlivos\u0165 pre V\u00e1\u0161 baz\u00e9n Po\u0161koden\u00e1 izol\u00e1cia, \u00fanik vody alebo nefunk\u010dn\u00e9 \u010derpadlo? Obr\u00e1\u0165te sa na profesion\u00e1lov so sk\u00fasenos\u0165ami. Pon\u00fakame rekon\u0161trukcie pre priv\u00e1tne a verejn\u00e9 baz\u00e9ny N\u00e1vrh. Projekt. Realiz\u00e1cia. Servis. Rekon\u0161trukcie. 23 rokov sk\u00fasenosti 23 rokov pon\u00fakame najlep\u0161ie produkty a slu\u017eby. Kvalitn\u00e9 produkty Pri mont\u00e1\u017ei pou\u017e\u00edvame v\u00fdhradne kvalitn\u00e9 produkty Baz\u00e9ny a technol\u00f3gie N\u00e1vrh. Projekt. Realiz\u00e1cia. Servis. [&hellip;]\" \/>\n<meta property=\"og:url\" content=\"https:\/\/www.rekonstrukciebazenov.sk\/\" \/>\n<meta property=\"og:site_name\" content=\"Rekon\u0161trukcie baz\u00e9nov\" \/>\n<meta property=\"article:modified_time\" content=\"2024-01-23T13:00:58+00:00\" \/>\n<meta property=\"og:image\" content=\"https:\/\/www.rekonstrukciebazenov.sk\/wp-content\/uploads\/2021\/12\/obr1a.jpg\" \/>\n<meta name=\"twitter:card\" content=\"summary_large_image\" \/>\n<meta name=\"twitter:label1\" content=\"Predpokladan\u00fd \u010das \u010d\u00edtania\" \/>\n\t<meta name=\"twitter:data1\" content=\"4 min\u00faty\" \/>\n<script type=\"application\/ld+json\" class=\"yoast-schema-graph\">{\"@context\":\"https:\/\/schema.org\",\"@graph\":[{\"@type\":\"WebSite\",\"@id\":\"https:\/\/www.rekonstrukciebazenov.sk\/#website\",\"url\":\"https:\/\/www.rekonstrukciebazenov.sk\/\",\"name\":\"Rekon\\u0161trukcie baz\\u00e9nov\",\"description\":\"\",\"potentialAction\":[{\"@type\":\"SearchAction\",\"target\":{\"@type\":\"EntryPoint\",\"urlTemplate\":\"https:\/\/www.rekonstrukciebazenov.sk\/?s={search_term_string}\"},\"query-input\":\"required name=search_term_string\"}],\"inLanguage\":\"sk-SK\"},{\"@type\":\"ImageObject\",\"@id\":\"https:\/\/www.rekonstrukciebazenov.sk\/#primaryimage\",\"inLanguage\":\"sk-SK\",\"url\":\"https:\/\/www.rekonstrukciebazenov.sk\/wp-content\/uploads\/2021\/12\/obr1a.jpg\",\"contentUrl\":\"https:\/\/www.rekonstrukciebazenov.sk\/wp-content\/uploads\/2021\/12\/obr1a.jpg\",\"width\":1760,\"height\":908},{\"@type\":\"WebPage\",\"@id\":\"https:\/\/www.rekonstrukciebazenov.sk\/#webpage\",\"url\":\"https:\/\/www.rekonstrukciebazenov.sk\/\",\"name\":\"Domov - Rekon\\u0161trukcie baz\\u00e9nov\",\"isPartOf\":{\"@id\":\"https:\/\/www.rekonstrukciebazenov.sk\/#website\"},\"primaryImageOfPage\":{\"@id\":\"https:\/\/www.rekonstrukciebazenov.sk\/#primaryimage\"},\"datePublished\":\"2021-08-05T10:03:49+00:00\",\"dateModified\":\"2024-01-23T13:00:58+00:00\",\"breadcrumb\":{\"@id\":\"https:\/\/www.rekonstrukciebazenov.sk\/#breadcrumb\"},\"inLanguage\":\"sk-SK\",\"potentialAction\":[{\"@type\":\"ReadAction\",\"target\":[\"https:\/\/www.rekonstrukciebazenov.sk\/\"]}]},{\"@type\":\"BreadcrumbList\",\"@id\":\"https:\/\/www.rekonstrukciebazenov.sk\/#breadcrumb\",\"itemListElement\":[{\"@type\":\"ListItem\",\"position\":1,\"name\":\"Domov\",\"item\":\"https:\/\/www.rekonstrukciebazenov.sk\/\"},{\"@type\":\"ListItem\",\"position\":2,\"name\":\"Domov\"}]}]}<\/script>\n<!-- \/ Yoast SEO plugin. -->","yoast_head_json":{"title":"Domov - Rekon\u0161trukcie baz\u00e9nov","robots":{"index":"index","follow":"follow","max-snippet":"max-snippet:-1","max-image-preview":"max-image-preview:large","max-video-preview":"max-video-preview:-1"},"canonical":"https:\/\/www.rekonstrukciebazenov.sk\/","og_locale":"sk_SK","og_type":"article","og_title":"Domov - Rekon\u0161trukcie baz\u00e9nov","og_description":"Odborn\u00e1 starostlivos\u0165 pre V\u00e1\u0161 baz\u00e9n Po\u0161koden\u00e1 izol\u00e1cia, \u00fanik vody alebo nefunk\u010dn\u00e9 \u010derpadlo? Obr\u00e1\u0165te sa na profesion\u00e1lov so sk\u00fasenos\u0165ami. Pon\u00fakame rekon\u0161trukcie pre priv\u00e1tne a verejn\u00e9 baz\u00e9ny N\u00e1vrh. Projekt. Realiz\u00e1cia. Servis. Rekon\u0161trukcie. 23 rokov sk\u00fasenosti 23 rokov pon\u00fakame najlep\u0161ie produkty a slu\u017eby. Kvalitn\u00e9 produkty Pri mont\u00e1\u017ei pou\u017e\u00edvame v\u00fdhradne kvalitn\u00e9 produkty Baz\u00e9ny a technol\u00f3gie N\u00e1vrh. Projekt. Realiz\u00e1cia. Servis. [&hellip;]","og_url":"https:\/\/www.rekonstrukciebazenov.sk\/","og_site_name":"Rekon\u0161trukcie baz\u00e9nov","article_modified_time":"2024-01-23T13:00:58+00:00","og_image":[{"url":"https:\/\/www.rekonstrukciebazenov.sk\/wp-content\/uploads\/2021\/12\/obr1a.jpg"}],"twitter_card":"summary_large_image","twitter_misc":{"Predpokladan\u00fd \u010das \u010d\u00edtania":"4 min\u00faty"},"schema":{"@context":"https:\/\/schema.org","@graph":[{"@type":"WebSite","@id":"https:\/\/www.rekonstrukciebazenov.sk\/#website","url":"https:\/\/www.rekonstrukciebazenov.sk\/","name":"Rekon\u0161trukcie baz\u00e9nov","description":"","potentialAction":[{"@type":"SearchAction","target":{"@type":"EntryPoint","urlTemplate":"https:\/\/www.rekonstrukciebazenov.sk\/?s={search_term_string}"},"query-input":"required name=search_term_string"}],"inLanguage":"sk-SK"},{"@type":"ImageObject","@id":"https:\/\/www.rekonstrukciebazenov.sk\/#primaryimage","inLanguage":"sk-SK","url":"https:\/\/www.rekonstrukciebazenov.sk\/wp-content\/uploads\/2021\/12\/obr1a.jpg","contentUrl":"https:\/\/www.rekonstrukciebazenov.sk\/wp-content\/uploads\/2021\/12\/obr1a.jpg","width":1760,"height":908},{"@type":"WebPage","@id":"https:\/\/www.rekonstrukciebazenov.sk\/#webpage","url":"https:\/\/www.rekonstrukciebazenov.sk\/","name":"Domov - Rekon\u0161trukcie baz\u00e9nov","isPartOf":{"@id":"https:\/\/www.rekonstrukciebazenov.sk\/#website"},"primaryImageOfPage":{"@id":"https:\/\/www.rekonstrukciebazenov.sk\/#primaryimage"},"datePublished":"2021-08-05T10:03:49+00:00","dateModified":"2024-01-23T13:00:58+00:00","breadcrumb":{"@id":"https:\/\/www.rekonstrukciebazenov.sk\/#breadcrumb"},"inLanguage":"sk-SK","potentialAction":[{"@type":"ReadAction","target":["https:\/\/www.rekonstrukciebazenov.sk\/"]}]},{"@type":"BreadcrumbList","@id":"https:\/\/www.rekonstrukciebazenov.sk\/#breadcrumb","itemListElement":[{"@type":"ListItem","position":1,"name":"Domov","item":"https:\/\/www.rekonstrukciebazenov.sk\/"},{"@type":"ListItem","position":2,"name":"Domov"}]}]}},"_links":{"self":[{"href":"https:\/\/www.rekonstrukciebazenov.sk\/index.php?rest_route=\/wp\/v2\/pages\/3410"}],"collection":[{"href":"https:\/\/www.rekonstrukciebazenov.sk\/index.php?rest_route=\/wp\/v2\/pages"}],"about":[{"href":"https:\/\/www.rekonstrukciebazenov.sk\/index.php?rest_route=\/wp\/v2\/types\/page"}],"author":[{"embeddable":true,"href":"https:\/\/www.rekonstrukciebazenov.sk\/index.php?rest_route=\/wp\/v2\/users\/1"}],"replies":[{"embeddable":true,"href":"https:\/\/www.rekonstrukciebazenov.sk\/index.php?rest_route=%2Fwp%2Fv2%2Fcomments&post=3410"}],"version-history":[{"count":6,"href":"https:\/\/www.rekonstrukciebazenov.sk\/index.php?rest_route=\/wp\/v2\/pages\/3410\/revisions"}],"predecessor-version":[{"id":3795,"href":"https:\/\/www.rekonstrukciebazenov.sk\/index.php?rest_route=\/wp\/v2\/pages\/3410\/revisions\/3795"}],"wp:attachment":[{"href":"https:\/\/www.rekonstrukciebazenov.sk\/index.php?rest_route=%2Fwp%2Fv2%2Fmedia&parent=3410"}],"curies":[{"name":"wp","href":"https:\/\/api.w.org\/{rel}","templated":true}]}}