{"id":969,"date":"2021-08-11T06:26:45","date_gmt":"2021-08-11T06:26:45","guid":{"rendered":"http:\/\/localhost\/pool-services\/?page_id=969"},"modified":"2021-12-16T08:32:52","modified_gmt":"2021-12-16T07:32:52","slug":"services","status":"publish","type":"page","link":"https:\/\/www.rekonstrukciebazenov.sk\/?page_id=969","title":{"rendered":"Servis"},"content":{"rendered":"\t\t<div data-elementor-type=\"wp-page\" data-elementor-id=\"969\" class=\"elementor elementor-969\" data-elementor-settings=\"[]\">\n\t\t\t\t\t\t\t<div class=\"elementor-section-wrap\">\n\t\t\t\t\t\t\t<section class=\"elementor-section elementor-top-section elementor-element elementor-element-dfd0bfc elementor-section-full_width elementor-section-height-default elementor-section-height-default\" data-id=\"dfd0bfc\" data-element_type=\"section\">\n\t\t\t\t\t\t<div class=\"elementor-container elementor-column-gap-no\">\n\t\t\t\t\t<div class=\"elementor-column elementor-col-100 elementor-top-column elementor-element elementor-element-e2c547e\" data-id=\"e2c547e\" data-element_type=\"column\">\n\t\t\t<div class=\"elementor-widget-wrap\">\n\t\t\t\t\t\t\t\t\t<\/div>\n\t\t<\/div>\n\t\t\t\t\t\t\t<\/div>\n\t\t<\/section>\n\t\t\t\t<section class=\"elementor-section elementor-top-section elementor-element elementor-element-8a56ca3 elementor-section-full_width elementor-section-height-default elementor-section-height-default\" data-id=\"8a56ca3\" data-element_type=\"section\">\n\t\t\t\t\t\t<div class=\"elementor-container elementor-column-gap-no\">\n\t\t\t\t\t<div class=\"elementor-column elementor-col-100 elementor-top-column elementor-element elementor-element-a3f7589\" data-id=\"a3f7589\" data-element_type=\"column\">\n\t\t\t<div class=\"elementor-widget-wrap elementor-element-populated\">\n\t\t\t\t\t\t\t\t<div class=\"elementor-element elementor-element-d531c53 elementor-widget elementor-widget-pool_services_maintenance\" data-id=\"d531c53\" data-element_type=\"widget\" data-widget_type=\"pool_services_maintenance.default\">\n\t\t\t\t<div class=\"elementor-widget-container\">\n\t\t\t\t\t\t<div class=\"section-indent\">\n\t\t\t\t<div class=\"tt-bg bg-services-01 lazyload\" data-bg=\"https:\/\/www.rekonstrukciebazenov.sk\/wp-content\/uploads\/2021\/08\/bg-index-01.png\"><\/div>\n\t\t\t\t<div class=\"tt-bg bg-services-02 lazyload\" data-bg=\"https:\/\/www.rekonstrukciebazenov.sk\/wp-content\/uploads\/2021\/08\/bg-services-02.png\"><\/div>\n\t\t\t\t<div class=\"container\">\n\t\t\t\t\t<div class=\"img-box02\">\n\t\t\t\t\t\t<div class=\"img-box02__img\">\n\t\t\t\t\t\t\t<img width=\"587\" height=\"589\" src=\"https:\/\/www.rekonstrukciebazenov.sk\/wp-content\/uploads\/2021\/08\/offers__img04.jpg\" class=\"attachment-full size-full\" alt=\"\" loading=\"lazy\" \/>\t\t\t\t\t\t<\/div>\n\t\t\t\t\t\t<div class=\"img-box02__content\">\n\t\t\t\t\t\t\t<div class=\"blocktitle\">\n\t\t\t\t\t\t\t\t<div class=\"blocktitle__subtitle\"><\/div>\n\t\t\t\t\t\t\t\t<div class=\"blocktitle__title\">Profesion\u00e1lny servis a \u00fadr\u017eba baz\u00e9nov<\/div>\n\t\t\t\t\t\t\t<\/div>\n\t\t\t\t\t\t\t<div class=\"box-info02__list\">\n\t\t\t\t\t\t\t\t\t\t\t\t\t\t\t\t\t<div class=\"box-info02\">\n\t\t\t\t\t\t\t\t\t\t<div class=\"box-info02__img\">\n\t\t\t\t\t\t\t\t\t\t\t<div class=\"\">\n\t\t\t\t\t\t\t\t\t\t\t\t<picture>\n\t\t\t\t\t\t\t\t\t\t\t\t\t<source srcset=\"\" data-srcset=\"\" type=\"image\/png\">\n\t\t\t\t\t\t\t\t\t\t\t\t\t\t\t\t\t\t\t\t\t\t\t\t\t<\/picture>\n\t\t\t\t\t\t\t\t\t\t\t<\/div>\n\t\t\t\t\t\t\t\t\t\t<\/div>\n\t\t\t\t\t\t\t\t\t\t<div class=\"box-info02__content\">\n\t\t\t\t\t\t\t\t\t\t\t<div class=\"box-info02__title\"><\/div>\n\t\t\t\t\t\t\t\t\t\t\t<p><ul class=\"tt-list\">\n<li>V\u00fdmena filtra\u010dn\u00fdch n\u00e1pln\u00ed<\/li>\n<li>V\u00fdmena tesnen\u00ed a opotrebovan\u00fdch s\u00fa\u010dast\u00ed filtra\u010dn\u00fdch zariaden\u00ed.<\/li>\n<li>Servis a v\u00fdmena po\u0161koden\u00e9ho baz\u00e9nov\u00e9ho osvetlenia<\/li>\n<li>Servis baz\u00e9nov\u00e9ho pr\u00edslu\u0161enstva\n(\u010derpadl\u00e1, filtre, rozvodn\u00e9 skrine, potrubn\u00e9 rozvody a pod.).<\/li>\n<li>Pravideln\u00e1 \u00fadr\u017eba po\u010das k\u00fapacej sez\u00f3ny<\/li>\n<li>\u00dadr\u017eba baz\u00e9nov v pr\u00edpade va\u0161ej dovolenky<\/li>\n<li>\u010cistenie baz\u00e9nov a dezinfekcia potrubn\u00e9ho syst\u00e9mu<\/li>\n<li>Zazimovanie a odzimovanie baz\u00e9nov<\/li>\n<li>Servis filtra\u010dn\u00fdch a protipr\u00fadov\u00fdch \u010derpadiel v\u0161etk\u00fdch zna\u010diek<\/li> \n<li>Baz\u00e9nov\u00e9 elektroin\u0161tal\u00e1cie-rev\u00edzie<\/li>\n<li>Elektronick\u00e9 testy vodotesnosti f\u00f3liov\u00fdch baz\u00e9nov\n(plat\u00ed pre baz\u00e9ny s f\u00f3liou ALKORPLAN, DLW, ELBE, OCEAN, CEFIL), tesnos\u0165 je mo\u017en\u00e9 premera\u0165 aj v plastov\u00fdch baz\u00e9noch \u2013 PPR.<\/li>\n<li>Zabezpe\u010dovanie n\u00e1hradn\u00fdch dielov<\/li>\n<li>Tlakov\u00e9 sk\u00fa\u0161ky potrubia<\/li>\n<\/ul>\n<\/p>\n\t\t\t\t\t\t\t\t\t\t<\/div>\n\t\t\t\t\t\t\t\t\t<\/div>\n\t\t\t\t\t\t\t\t\t\t\t\t\t\t\t\t<\/div>\n\t\t\t\t\t\t<\/div>\n\t\t\t\t\t<\/div>\n\t\t\t\t<\/div>\n\t\t\t<\/div>\n\t\t\t\t\t<\/div>\n\t\t\t\t<\/div>\n\t\t\t\t\t<\/div>\n\t\t<\/div>\n\t\t\t\t\t\t\t<\/div>\n\t\t<\/section>\n\t\t\t\t<section class=\"elementor-section elementor-top-section elementor-element elementor-element-b2b413b elementor-section-full_width elementor-section-height-default elementor-section-height-default\" data-id=\"b2b413b\" data-element_type=\"section\">\n\t\t\t\t\t\t<div class=\"elementor-container elementor-column-gap-no\">\n\t\t\t\t\t<div class=\"elementor-column elementor-col-100 elementor-top-column elementor-element elementor-element-347966a\" data-id=\"347966a\" data-element_type=\"column\">\n\t\t\t<div class=\"elementor-widget-wrap\">\n\t\t\t\t\t\t\t\t\t<\/div>\n\t\t<\/div>\n\t\t\t\t\t\t\t<\/div>\n\t\t<\/section>\n\t\t\t\t\t\t<\/div>\n\t\t\t\t\t<\/div>\n\t\t","protected":false},"excerpt":{"rendered":"<p>Profesion\u00e1lny servis a \u00fadr\u017eba baz\u00e9nov V\u00fdmena filtra\u010dn\u00fdch n\u00e1pln\u00ed V\u00fdmena tesnen\u00ed a opotrebovan\u00fdch s\u00fa\u010dast\u00ed filtra\u010dn\u00fdch zariaden\u00ed. Servis a v\u00fdmena po\u0161koden\u00e9ho baz\u00e9nov\u00e9ho osvetlenia Servis baz\u00e9nov\u00e9ho pr\u00edslu\u0161enstva (\u010derpadl\u00e1, filtre, rozvodn\u00e9 skrine, potrubn\u00e9 rozvody a pod.). Pravideln\u00e1 \u00fadr\u017eba po\u010das k\u00fapacej sez\u00f3ny \u00dadr\u017eba baz\u00e9nov v pr\u00edpade va\u0161ej dovolenky \u010cistenie baz\u00e9nov a dezinfekcia potrubn\u00e9ho syst\u00e9mu Zazimovanie a odzimovanie baz\u00e9nov Servis filtra\u010dn\u00fdch [&hellip;]<\/p>\n","protected":false},"author":1,"featured_media":1534,"parent":0,"menu_order":0,"comment_status":"closed","ping_status":"closed","template":"elementor_header_footer","meta":{"_monsterinsights_skip_tracking":false,"_monsterinsights_sitenote_active":false,"_monsterinsights_sitenote_note":"","_monsterinsights_sitenote_category":0},"yoast_head":"<!-- This site is optimized with the Yoast SEO plugin v17.7.1 - https:\/\/yoast.com\/wordpress\/plugins\/seo\/ -->\n<title>Servis - Rekon\u0161trukcie baz\u00e9nov<\/title>\n<meta name=\"robots\" content=\"index, follow, max-snippet:-1, max-image-preview:large, max-video-preview:-1\" \/>\n<link rel=\"canonical\" href=\"https:\/\/www.rekonstrukciebazenov.sk\/?page_id=969\" \/>\n<meta property=\"og:locale\" content=\"sk_SK\" \/>\n<meta property=\"og:type\" content=\"article\" \/>\n<meta property=\"og:title\" content=\"Servis - Rekon\u0161trukcie baz\u00e9nov\" \/>\n<meta property=\"og:description\" content=\"Profesion\u00e1lny servis a \u00fadr\u017eba baz\u00e9nov V\u00fdmena filtra\u010dn\u00fdch n\u00e1pln\u00ed V\u00fdmena tesnen\u00ed a opotrebovan\u00fdch s\u00fa\u010dast\u00ed filtra\u010dn\u00fdch zariaden\u00ed. Servis a v\u00fdmena po\u0161koden\u00e9ho baz\u00e9nov\u00e9ho osvetlenia Servis baz\u00e9nov\u00e9ho pr\u00edslu\u0161enstva (\u010derpadl\u00e1, filtre, rozvodn\u00e9 skrine, potrubn\u00e9 rozvody a pod.). Pravideln\u00e1 \u00fadr\u017eba po\u010das k\u00fapacej sez\u00f3ny \u00dadr\u017eba baz\u00e9nov v pr\u00edpade va\u0161ej dovolenky \u010cistenie baz\u00e9nov a dezinfekcia potrubn\u00e9ho syst\u00e9mu Zazimovanie a odzimovanie baz\u00e9nov Servis filtra\u010dn\u00fdch [&hellip;]\" \/>\n<meta property=\"og:url\" content=\"https:\/\/www.rekonstrukciebazenov.sk\/?page_id=969\" \/>\n<meta property=\"og:site_name\" content=\"Rekon\u0161trukcie baz\u00e9nov\" \/>\n<meta property=\"article:modified_time\" content=\"2021-12-16T07:32:52+00:00\" \/>\n<meta property=\"og:image\" content=\"https:\/\/www.rekonstrukciebazenov.sk\/wp-content\/uploads\/2021\/09\/pagetitle_bg01.jpg\" \/>\n\t<meta property=\"og:image:width\" content=\"1760\" \/>\n\t<meta property=\"og:image:height\" content=\"292\" \/>\n<meta name=\"twitter:card\" content=\"summary_large_image\" \/>\n<meta name=\"twitter:label1\" content=\"Predpokladan\u00fd \u010das \u010d\u00edtania\" \/>\n\t<meta name=\"twitter:data1\" content=\"1 min\u00fata\" \/>\n<script type=\"application\/ld+json\" class=\"yoast-schema-graph\">{\"@context\":\"https:\/\/schema.org\",\"@graph\":[{\"@type\":\"WebSite\",\"@id\":\"https:\/\/www.rekonstrukciebazenov.sk\/#website\",\"url\":\"https:\/\/www.rekonstrukciebazenov.sk\/\",\"name\":\"Rekon\\u0161trukcie baz\\u00e9nov\",\"description\":\"\",\"potentialAction\":[{\"@type\":\"SearchAction\",\"target\":{\"@type\":\"EntryPoint\",\"urlTemplate\":\"https:\/\/www.rekonstrukciebazenov.sk\/?s={search_term_string}\"},\"query-input\":\"required name=search_term_string\"}],\"inLanguage\":\"sk-SK\"},{\"@type\":\"ImageObject\",\"@id\":\"https:\/\/www.rekonstrukciebazenov.sk\/?page_id=969#primaryimage\",\"inLanguage\":\"sk-SK\",\"url\":\"https:\/\/www.rekonstrukciebazenov.sk\/wp-content\/uploads\/2021\/09\/pagetitle_bg01.jpg\",\"contentUrl\":\"https:\/\/www.rekonstrukciebazenov.sk\/wp-content\/uploads\/2021\/09\/pagetitle_bg01.jpg\",\"width\":1760,\"height\":292},{\"@type\":\"WebPage\",\"@id\":\"https:\/\/www.rekonstrukciebazenov.sk\/?page_id=969#webpage\",\"url\":\"https:\/\/www.rekonstrukciebazenov.sk\/?page_id=969\",\"name\":\"Servis - Rekon\\u0161trukcie baz\\u00e9nov\",\"isPartOf\":{\"@id\":\"https:\/\/www.rekonstrukciebazenov.sk\/#website\"},\"primaryImageOfPage\":{\"@id\":\"https:\/\/www.rekonstrukciebazenov.sk\/?page_id=969#primaryimage\"},\"datePublished\":\"2021-08-11T06:26:45+00:00\",\"dateModified\":\"2021-12-16T07:32:52+00:00\",\"breadcrumb\":{\"@id\":\"https:\/\/www.rekonstrukciebazenov.sk\/?page_id=969#breadcrumb\"},\"inLanguage\":\"sk-SK\",\"potentialAction\":[{\"@type\":\"ReadAction\",\"target\":[\"https:\/\/www.rekonstrukciebazenov.sk\/?page_id=969\"]}]},{\"@type\":\"BreadcrumbList\",\"@id\":\"https:\/\/www.rekonstrukciebazenov.sk\/?page_id=969#breadcrumb\",\"itemListElement\":[{\"@type\":\"ListItem\",\"position\":1,\"name\":\"Domov\",\"item\":\"https:\/\/www.rekonstrukciebazenov.sk\/\"},{\"@type\":\"ListItem\",\"position\":2,\"name\":\"Servis\"}]}]}<\/script>\n<!-- \/ Yoast SEO plugin. -->","yoast_head_json":{"title":"Servis - Rekon\u0161trukcie baz\u00e9nov","robots":{"index":"index","follow":"follow","max-snippet":"max-snippet:-1","max-image-preview":"max-image-preview:large","max-video-preview":"max-video-preview:-1"},"canonical":"https:\/\/www.rekonstrukciebazenov.sk\/?page_id=969","og_locale":"sk_SK","og_type":"article","og_title":"Servis - Rekon\u0161trukcie baz\u00e9nov","og_description":"Profesion\u00e1lny servis a \u00fadr\u017eba baz\u00e9nov V\u00fdmena filtra\u010dn\u00fdch n\u00e1pln\u00ed V\u00fdmena tesnen\u00ed a opotrebovan\u00fdch s\u00fa\u010dast\u00ed filtra\u010dn\u00fdch zariaden\u00ed. Servis a v\u00fdmena po\u0161koden\u00e9ho baz\u00e9nov\u00e9ho osvetlenia Servis baz\u00e9nov\u00e9ho pr\u00edslu\u0161enstva (\u010derpadl\u00e1, filtre, rozvodn\u00e9 skrine, potrubn\u00e9 rozvody a pod.). Pravideln\u00e1 \u00fadr\u017eba po\u010das k\u00fapacej sez\u00f3ny \u00dadr\u017eba baz\u00e9nov v pr\u00edpade va\u0161ej dovolenky \u010cistenie baz\u00e9nov a dezinfekcia potrubn\u00e9ho syst\u00e9mu Zazimovanie a odzimovanie baz\u00e9nov Servis filtra\u010dn\u00fdch [&hellip;]","og_url":"https:\/\/www.rekonstrukciebazenov.sk\/?page_id=969","og_site_name":"Rekon\u0161trukcie baz\u00e9nov","article_modified_time":"2021-12-16T07:32:52+00:00","og_image":[{"width":1760,"height":292,"url":"https:\/\/www.rekonstrukciebazenov.sk\/wp-content\/uploads\/2021\/09\/pagetitle_bg01.jpg","type":"image\/jpeg"}],"twitter_card":"summary_large_image","twitter_misc":{"Predpokladan\u00fd \u010das \u010d\u00edtania":"1 min\u00fata"},"schema":{"@context":"https:\/\/schema.org","@graph":[{"@type":"WebSite","@id":"https:\/\/www.rekonstrukciebazenov.sk\/#website","url":"https:\/\/www.rekonstrukciebazenov.sk\/","name":"Rekon\u0161trukcie baz\u00e9nov","description":"","potentialAction":[{"@type":"SearchAction","target":{"@type":"EntryPoint","urlTemplate":"https:\/\/www.rekonstrukciebazenov.sk\/?s={search_term_string}"},"query-input":"required name=search_term_string"}],"inLanguage":"sk-SK"},{"@type":"ImageObject","@id":"https:\/\/www.rekonstrukciebazenov.sk\/?page_id=969#primaryimage","inLanguage":"sk-SK","url":"https:\/\/www.rekonstrukciebazenov.sk\/wp-content\/uploads\/2021\/09\/pagetitle_bg01.jpg","contentUrl":"https:\/\/www.rekonstrukciebazenov.sk\/wp-content\/uploads\/2021\/09\/pagetitle_bg01.jpg","width":1760,"height":292},{"@type":"WebPage","@id":"https:\/\/www.rekonstrukciebazenov.sk\/?page_id=969#webpage","url":"https:\/\/www.rekonstrukciebazenov.sk\/?page_id=969","name":"Servis - Rekon\u0161trukcie baz\u00e9nov","isPartOf":{"@id":"https:\/\/www.rekonstrukciebazenov.sk\/#website"},"primaryImageOfPage":{"@id":"https:\/\/www.rekonstrukciebazenov.sk\/?page_id=969#primaryimage"},"datePublished":"2021-08-11T06:26:45+00:00","dateModified":"2021-12-16T07:32:52+00:00","breadcrumb":{"@id":"https:\/\/www.rekonstrukciebazenov.sk\/?page_id=969#breadcrumb"},"inLanguage":"sk-SK","potentialAction":[{"@type":"ReadAction","target":["https:\/\/www.rekonstrukciebazenov.sk\/?page_id=969"]}]},{"@type":"BreadcrumbList","@id":"https:\/\/www.rekonstrukciebazenov.sk\/?page_id=969#breadcrumb","itemListElement":[{"@type":"ListItem","position":1,"name":"Domov","item":"https:\/\/www.rekonstrukciebazenov.sk\/"},{"@type":"ListItem","position":2,"name":"Servis"}]}]}},"_links":{"self":[{"href":"https:\/\/www.rekonstrukciebazenov.sk\/index.php?rest_route=\/wp\/v2\/pages\/969"}],"collection":[{"href":"https:\/\/www.rekonstrukciebazenov.sk\/index.php?rest_route=\/wp\/v2\/pages"}],"about":[{"href":"https:\/\/www.rekonstrukciebazenov.sk\/index.php?rest_route=\/wp\/v2\/types\/page"}],"author":[{"embeddable":true,"href":"https:\/\/www.rekonstrukciebazenov.sk\/index.php?rest_route=\/wp\/v2\/users\/1"}],"replies":[{"embeddable":true,"href":"https:\/\/www.rekonstrukciebazenov.sk\/index.php?rest_route=%2Fwp%2Fv2%2Fcomments&post=969"}],"version-history":[{"count":6,"href":"https:\/\/www.rekonstrukciebazenov.sk\/index.php?rest_route=\/wp\/v2\/pages\/969\/revisions"}],"predecessor-version":[{"id":3699,"href":"https:\/\/www.rekonstrukciebazenov.sk\/index.php?rest_route=\/wp\/v2\/pages\/969\/revisions\/3699"}],"wp:featuredmedia":[{"embeddable":true,"href":"https:\/\/www.rekonstrukciebazenov.sk\/index.php?rest_route=\/wp\/v2\/media\/1534"}],"wp:attachment":[{"href":"https:\/\/www.rekonstrukciebazenov.sk\/index.php?rest_route=%2Fwp%2Fv2%2Fmedia&parent=969"}],"curies":[{"name":"wp","href":"https:\/\/api.w.org\/{rel}","templated":true}]}}